{"id":834,"date":"2023-03-13T11:19:38","date_gmt":"2023-03-13T11:19:38","guid":{"rendered":"https:\/\/www.mesima.com\/quienes-somos\/"},"modified":"2023-07-21T07:37:18","modified_gmt":"2023-07-21T07:37:18","slug":"wer-wir-sind","status":"publish","type":"page","link":"https:\/\/www.mesima.com\/de\/wer-wir-sind\/","title":{"rendered":"Wer wir sind"},"content":{"rendered":"<p>[et_pb_section fb_built=&#8220;1&#8243; _builder_version=&#8220;4.20.2&#8243; _module_preset=&#8220;default&#8220; use_background_color_gradient=&#8220;on&#8220; background_color_gradient_stops=&#8220;#000000 0%|rgba(255,255,255,0.24) 82%|rgba(252, 59, 53, 0) 100%&#8220; background_color_gradient_overlays_image=&#8220;on&#8220; background_image=&#8220;https:\/\/www.mesima.com\/wp-content\/uploads\/2023\/04\/Mesima-AERONAUTICA-2.webp&#8220; parallax=&#8220;on&#8220; parallax_method=&#8220;off&#8220; height=&#8220;800px&#8220; top_divider_color=&#8220;rgba(224,43,32,0.67)&#8220; global_colors_info=&#8220;{}&#8220;][et_pb_row _builder_version=&#8220;4.20.2&#8243; _module_preset=&#8220;default&#8220; positioning=&#8220;absolute&#8220; position_origin_a=&#8220;center_center&#8220; position_origin_r=&#8220;bottom_left&#8220; global_colors_info=&#8220;{}&#8220;][et_pb_column type=&#8220;4_4&#8243; _builder_version=&#8220;4.19.5&#8243; _module_preset=&#8220;default&#8220; global_colors_info=&#8220;{}&#8220;][et_pb_blurb title=&#8220;MESIMA BILBAO&#8220; image=&#8220;https:\/\/www.mesima.com\/wp-content\/uploads\/2023\/02\/cropped-Mesima-escudo-\u00a9.png&#8220; image_icon_width=&#8220;100px&#8220; content_max_width=&#8220;100%&#8220; _builder_version=&#8220;4.20.2&#8243; _module_preset=&#8220;default&#8220; header_level=&#8220;h1&#8243; header_font=&#8220;|800||on|||||&#8220; header_text_align=&#8220;center&#8220; header_text_color=&#8220;#FFFFFF&#8220; header_font_size=&#8220;48px&#8220; header_letter_spacing=&#8220;5px&#8220; body_text_align=&#8220;center&#8220; body_text_color=&#8220;#FFFFFF&#8220; body_font_size=&#8220;21px&#8220; custom_margin=&#8220;||8px||false|false&#8220; header_text_shadow_style=&#8220;preset1&#8243; global_colors_info=&#8220;{}&#8220;]Mesima Bilbao S.A. wurde 1954 gegr\u00fcndet und konzentriert sich seither auf eine vollumf\u00e4ngliche Materialwirtschaft, welche auf Servicequalit\u00e4t und Zuverl\u00e4ssigkeit basiert.[\/et_pb_blurb][\/et_pb_column][\/et_pb_row][et_pb_row column_structure=&#8220;1_3,1_3,1_3&#8243; use_custom_gutter=&#8220;on&#8220; gutter_width=&#8220;1&#8243; _builder_version=&#8220;4.20.2&#8243; _module_preset=&#8220;default&#8220; positioning=&#8220;absolute&#8220; position_origin_a=&#8220;bottom_center&#8220; z_index=&#8220;500&#8243; border_color_right=&#8220;#E02B20&#8243; border_width_bottom=&#8220;2px&#8220; border_color_bottom=&#8220;#E02B20&#8243; global_colors_info=&#8220;{}&#8220;][et_pb_column type=&#8220;1_3&#8243; _builder_version=&#8220;4.20.2&#8243; _module_preset=&#8220;default&#8220; global_colors_info=&#8220;{}&#8220;][et_pb_image src=&#8220;https:\/\/www.mesima.com\/wp-content\/uploads\/2023\/04\/mesima-corte-9765.webp&#8220; title_text=&#8220;mesima-corte-9765&#8243; show_bottom_space=&#8220;off&#8220; _builder_version=&#8220;4.20.2&#8243; _module_preset=&#8220;default&#8220; max_width=&#8220;100%&#8220; module_alignment=&#8220;center&#8220; border_width_right=&#8220;2px&#8220; border_color_right=&#8220;#E02B20&#8243; box_shadow_style=&#8220;preset1&#8243; global_colors_info=&#8220;{}&#8220;][\/et_pb_image][\/et_pb_column][et_pb_column type=&#8220;1_3&#8243; _builder_version=&#8220;4.20.2&#8243; _module_preset=&#8220;default&#8220; global_colors_info=&#8220;{}&#8220;][et_pb_image src=&#8220;https:\/\/www.mesima.com\/wp-content\/uploads\/2023\/04\/Mesima-Rodillos-9735.jpg&#8220; title_text=&#8220;Mesima-Rodillos-9735&#8243; show_bottom_space=&#8220;off&#8220; _builder_version=&#8220;4.20.2&#8243; _module_preset=&#8220;default&#8220; max_width=&#8220;100%&#8220; module_alignment=&#8220;center&#8220; box_shadow_style=&#8220;preset1&#8243; global_colors_info=&#8220;{}&#8220;][\/et_pb_image][\/et_pb_column][et_pb_column type=&#8220;1_3&#8243; _builder_version=&#8220;4.20.2&#8243; _module_preset=&#8220;default&#8220; global_colors_info=&#8220;{}&#8220;][et_pb_image src=&#8220;https:\/\/www.mesima.com\/wp-content\/uploads\/2023\/04\/Mesima-corte-9595.webp&#8220; title_text=&#8220;Mesima-corte-9595&#8243; show_bottom_space=&#8220;off&#8220; _builder_version=&#8220;4.20.2&#8243; _module_preset=&#8220;default&#8220; max_width=&#8220;100%&#8220; module_alignment=&#8220;center&#8220; border_width_left=&#8220;2px&#8220; border_color_left=&#8220;#E02B20&#8243; box_shadow_style=&#8220;preset1&#8243; global_colors_info=&#8220;{}&#8220;][\/et_pb_image][\/et_pb_column][\/et_pb_row][\/et_pb_section][et_pb_section fb_built=&#8220;1&#8243; _builder_version=&#8220;4.20.2&#8243; _module_preset=&#8220;default&#8220; use_background_color_gradient=&#8220;on&#8220; background_color_gradient_direction=&#8220;82deg&#8220; background_color_gradient_stops=&#8220;rgba(0,0,0,0.68) 0%|rgba(0,0,0,0.45) 27%|#e02b20 100%&#8220; background_color_gradient_overlays_image=&#8220;on&#8220; background_enable_image=&#8220;off&#8220; parallax=&#8220;on&#8220; parallax_method=&#8220;off&#8220; height=&#8220;700px&#8220; custom_margin=&#8220;-40px|||||&#8220; custom_padding=&#8220;0px|||||&#8220; top_divider_color=&#8220;rgba(224,43,32,0.67)&#8220; global_colors_info=&#8220;{}&#8220;][et_pb_row column_structure=&#8220;1_3,1_3,1_3&#8243; use_custom_gutter=&#8220;on&#8220; gutter_width=&#8220;1&#8243; make_equal=&#8220;on&#8220; _builder_version=&#8220;4.20.2&#8243; _module_preset=&#8220;default&#8220; positioning=&#8220;absolute&#8220; position_origin_a=&#8220;center_center&#8220; width=&#8220;85%&#8220; max_width=&#8220;85%&#8220; custom_padding=&#8220;50px||||false|false&#8220; global_colors_info=&#8220;{}&#8220;][et_pb_column type=&#8220;1_3&#8243; _builder_version=&#8220;4.20.2&#8243; _module_preset=&#8220;default&#8220; background_enable_color=&#8220;off&#8220; global_colors_info=&#8220;{}&#8220;][et_pb_blurb title=&#8220;WACHSTUM&#8220; image=&#8220;https:\/\/www.mesima.com\/wp-content\/uploads\/2023\/04\/Mesima-icono-CRECIMIENTO.png&#8220; icon_placement=&#8220;left&#8220; image_icon_width=&#8220;48px&#8220; content_max_width=&#8220;100%&#8220; _builder_version=&#8220;4.20.2&#8243; _module_preset=&#8220;default&#8220; header_level=&#8220;h1&#8243; header_font=&#8220;|800|||||||&#8220; header_text_align=&#8220;left&#8220; header_text_color=&#8220;#000000&#8243; header_font_size=&#8220;30px&#8220; header_letter_spacing=&#8220;3px&#8220; body_text_color=&#8220;#000000&#8243; body_font_size=&#8220;18px&#8220; custom_margin=&#8220;20px|20px|40px|20px|false|false&#8220; animation=&#8220;off&#8220; global_colors_info=&#8220;{}&#8220;]<\/p>\n<p class=\"p1\">Durch sein Wachstum ist das Unternehmen auf dem spanischen Markt bestens positioniert. Es ist in der Lage, vom Roh- oder Halbfabrikat bis zum einbaufertigen Endprodukt eine Vielfalt von Materialien zu liefern, viele Verarbeitungsschritte durchzuf\u00fchren, um damit einen innovativen Dienstleistungsansatz zu bieten.<\/p>\n<p>[\/et_pb_blurb][\/et_pb_column][et_pb_column type=&#8220;1_3&#8243; _builder_version=&#8220;4.20.2&#8243; _module_preset=&#8220;default&#8220; background_image=&#8220;https:\/\/www.mesima.com\/wp-content\/uploads\/2023\/04\/Mesima-tecnologia-9675.jpg&#8220; parallax=&#8220;on&#8220; animation_style=&#8220;slide&#8220; animation_direction=&#8220;top&#8220; global_colors_info=&#8220;{}&#8220;][\/et_pb_column][et_pb_column type=&#8220;1_3&#8243; _builder_version=&#8220;4.20.2&#8243; _module_preset=&#8220;default&#8220; background_image=&#8220;https:\/\/www.mesima.com\/wp-content\/uploads\/2023\/04\/mesima-aeronautica-01.webp&#8220; parallax=&#8220;on&#8220; animation_style=&#8220;slide&#8220; animation_direction=&#8220;bottom&#8220; global_colors_info=&#8220;{}&#8220;][\/et_pb_column][\/et_pb_row][\/et_pb_section][et_pb_section fb_built=&#8220;1&#8243; _builder_version=&#8220;4.20.2&#8243; _module_preset=&#8220;default&#8220; use_background_color_gradient=&#8220;on&#8220; background_color_gradient_direction=&#8220;82deg&#8220; background_color_gradient_stops=&#8220;rgba(0,0,0,0.68) 0%|rgba(0,0,0,0.45) 27%|#e02b20 100%&#8220; background_color_gradient_overlays_image=&#8220;on&#8220; background_image=&#8220;https:\/\/www.mesima.com\/wp-content\/uploads\/2023\/04\/Mesima-materiales-maquinaria-9652-2.webp&#8220; parallax=&#8220;on&#8220; parallax_method=&#8220;off&#8220; height=&#8220;700px&#8220; custom_margin=&#8220;-40px|||||&#8220; custom_padding=&#8220;0px|||||&#8220; top_divider_color=&#8220;rgba(224,43,32,0.67)&#8220; global_colors_info=&#8220;{}&#8220;][et_pb_row column_structure=&#8220;1_3,1_3,1_3&#8243; use_custom_gutter=&#8220;on&#8220; gutter_width=&#8220;1&#8243; make_equal=&#8220;on&#8220; _builder_version=&#8220;4.20.2&#8243; _module_preset=&#8220;default&#8220; positioning=&#8220;absolute&#8220; position_origin_a=&#8220;center_center&#8220; width=&#8220;85%&#8220; max_width=&#8220;85%&#8220; min_height=&#8220;400px&#8220; custom_padding=&#8220;50px||||false|false&#8220; global_colors_info=&#8220;{}&#8220;][et_pb_column type=&#8220;1_3&#8243; _builder_version=&#8220;4.20.2&#8243; _module_preset=&#8220;default&#8220; background_color=&#8220;rgba(0,0,0,0.54)&#8220; global_colors_info=&#8220;{}&#8220;][et_pb_blurb title=&#8220;GARANTIE&#8220; image=&#8220;https:\/\/www.mesima.com\/wp-content\/uploads\/2023\/03\/Mesima-icono-CALIDAD.png&#8220; icon_placement=&#8220;left&#8220; image_icon_width=&#8220;48px&#8220; content_max_width=&#8220;100%&#8220; _builder_version=&#8220;4.20.2&#8243; _module_preset=&#8220;default&#8220; header_level=&#8220;h1&#8243; header_font=&#8220;|800|||||||&#8220; header_text_align=&#8220;left&#8220; header_text_color=&#8220;#FFFFFF&#8220; header_font_size=&#8220;30px&#8220; header_letter_spacing=&#8220;3px&#8220; body_text_color=&#8220;#FFFFFF&#8220; body_font_size=&#8220;18px&#8220; custom_margin=&#8220;20px|20px|40px|20px|false|false&#8220; animation=&#8220;off&#8220; global_colors_info=&#8220;{}&#8220;]Mesima Bilbao garantiert seinen Kunden einen pers\u00f6nlichen Service und bietet eine profesionelle und dauerhafte Zusammenarbeit in allen industriellen Bereichen.[\/et_pb_blurb][\/et_pb_column][et_pb_column type=&#8220;1_3&#8243; _builder_version=&#8220;4.20.2&#8243; _module_preset=&#8220;default&#8220; background_image=&#8220;https:\/\/www.mesima.com\/wp-content\/uploads\/2023\/04\/mesima-calidad.webp&#8220; parallax=&#8220;on&#8220; animation_style=&#8220;slide&#8220; animation_direction=&#8220;top&#8220; global_colors_info=&#8220;{}&#8220;][\/et_pb_column][et_pb_column type=&#8220;1_3&#8243; _builder_version=&#8220;4.20.2&#8243; _module_preset=&#8220;default&#8220; background_image=&#8220;https:\/\/www.mesima.com\/wp-content\/uploads\/2023\/04\/Mesima-maquinaria-9780.webp&#8220; parallax=&#8220;on&#8220; animation_style=&#8220;slide&#8220; animation_direction=&#8220;bottom&#8220; global_colors_info=&#8220;{}&#8220;][\/et_pb_column][\/et_pb_row][\/et_pb_section][et_pb_section fb_built=&#8220;1&#8243; _builder_version=&#8220;4.20.2&#8243; _module_preset=&#8220;default&#8220; use_background_color_gradient=&#8220;on&#8220; background_color_gradient_direction=&#8220;82deg&#8220; background_color_gradient_stops=&#8220;rgba(0,0,0,0.68) 0%|rgba(0,0,0,0.45) 27%|#e02b20 100%&#8220; background_color_gradient_overlays_image=&#8220;on&#8220; background_enable_image=&#8220;off&#8220; parallax=&#8220;on&#8220; parallax_method=&#8220;off&#8220; height=&#8220;700px&#8220; custom_margin=&#8220;-40px|||||&#8220; custom_padding=&#8220;0px|||||&#8220; top_divider_color=&#8220;rgba(224,43,32,0.67)&#8220; global_colors_info=&#8220;{}&#8220;][et_pb_row column_structure=&#8220;1_3,1_3,1_3&#8243; use_custom_gutter=&#8220;on&#8220; gutter_width=&#8220;1&#8243; make_equal=&#8220;on&#8220; _builder_version=&#8220;4.20.2&#8243; _module_preset=&#8220;default&#8220; positioning=&#8220;absolute&#8220; position_origin_a=&#8220;center_center&#8220; width=&#8220;85%&#8220; max_width=&#8220;85%&#8220; custom_padding=&#8220;50px||||false|false&#8220; global_colors_info=&#8220;{}&#8220;][et_pb_column type=&#8220;1_3&#8243; _builder_version=&#8220;4.20.2&#8243; _module_preset=&#8220;default&#8220; background_enable_color=&#8220;off&#8220; global_colors_info=&#8220;{}&#8220;][et_pb_blurb title=&#8220;TECHNOLOGIE&#8220; image=&#8220;https:\/\/www.mesima.com\/wp-content\/uploads\/2023\/04\/Mesima-icono-CAD-CAM.png&#8220; icon_placement=&#8220;left&#8220; image_icon_width=&#8220;48px&#8220; content_max_width=&#8220;100%&#8220; _builder_version=&#8220;4.20.2&#8243; _module_preset=&#8220;default&#8220; header_level=&#8220;h1&#8243; header_font=&#8220;|800|||||||&#8220; header_text_align=&#8220;left&#8220; header_text_color=&#8220;#000000&#8243; header_font_size=&#8220;30px&#8220; header_letter_spacing=&#8220;3px&#8220; body_text_color=&#8220;#000000&#8243; body_font_size=&#8220;18px&#8220; custom_margin=&#8220;20px|20px|40px|20px|false|false&#8220; animation=&#8220;off&#8220; global_colors_info=&#8220;{}&#8220;]Unser Industrieunternehmen zeichnet sich dadurch aus, dass wir unseren Kunden in jedem unserer Prozesse einen hochwertigen und effizienten Service bieten. Zu diesem Zweck verf\u00fcgen wir \u00fcber verschiedene Anwendungen die es uns erm\u00f6glichen, gr\u00f6\u00dfte Pr\u00e4zision und Schnelligkeit bei unseren Dienstleistungen zu gew\u00e4hrleisten.<br \/>\nWir arbeiten mit \u00fcber CRM, ERP, CAD-CAM (einschlie\u00dflich Schnittoptimierungstool) und EDI.[\/et_pb_blurb][\/et_pb_column][et_pb_column type=&#8220;1_3&#8243; _builder_version=&#8220;4.20.2&#8243; _module_preset=&#8220;default&#8220; background_image=&#8220;https:\/\/www.mesima.com\/wp-content\/uploads\/2023\/04\/Mesima-CAD-CAM.webp&#8220; parallax=&#8220;on&#8220; animation_style=&#8220;slide&#8220; animation_direction=&#8220;top&#8220; global_colors_info=&#8220;{}&#8220;][\/et_pb_column][et_pb_column type=&#8220;1_3&#8243; _builder_version=&#8220;4.20.2&#8243; _module_preset=&#8220;default&#8220; background_image=&#8220;https:\/\/www.mesima.com\/wp-content\/uploads\/2023\/04\/Mesima-tecnologia-9696.jpg&#8220; parallax=&#8220;on&#8220; animation_style=&#8220;slide&#8220; animation_direction=&#8220;bottom&#8220; global_colors_info=&#8220;{}&#8220;][\/et_pb_column][\/et_pb_row][\/et_pb_section]<\/p>\n","protected":false},"excerpt":{"rendered":"<p>Mesima Bilbao S.A. wurde 1954 gegr\u00fcndet und konzentriert sich seither auf eine vollumf\u00e4ngliche Materialwirtschaft, welche auf Servicequalit\u00e4t und Zuverl\u00e4ssigkeit basiert.Durch sein Wachstum ist das Unternehmen auf dem spanischen Markt bestens positioniert. Es ist in der Lage, vom Roh- oder Halbfabrikat bis zum einbaufertigen Endprodukt eine Vielfalt von Materialien zu liefern, viele Verarbeitungsschritte durchzuf\u00fchren, um damit [&hellip;]<\/p>\n","protected":false},"author":1,"featured_media":0,"parent":0,"menu_order":0,"comment_status":"closed","ping_status":"closed","template":"","meta":{"_et_pb_use_builder":"on","_et_pb_old_content":"","_et_gb_content_width":"","footnotes":""},"class_list":["post-834","page","type-page","status-publish","hentry"],"yoast_head":"<!-- This site is optimized with the Yoast SEO plugin v27.2 - https:\/\/yoast.com\/product\/yoast-seo-wordpress\/ -->\n<title>Wer wir sind - Mesima<\/title>\n<meta name=\"robots\" content=\"index, follow, max-snippet:-1, max-image-preview:large, max-video-preview:-1\" \/>\n<link rel=\"canonical\" href=\"https:\/\/www.mesima.com\/de\/wer-wir-sind\/\" \/>\n<meta property=\"og:locale\" content=\"de_DE\" \/>\n<meta property=\"og:type\" content=\"article\" \/>\n<meta property=\"og:title\" content=\"Wer wir sind - Mesima\" \/>\n<meta property=\"og:description\" content=\"Mesima Bilbao S.A. wurde 1954 gegr\u00fcndet und konzentriert sich seither auf eine vollumf\u00e4ngliche Materialwirtschaft, welche auf Servicequalit\u00e4t und Zuverl\u00e4ssigkeit basiert.Durch sein Wachstum ist das Unternehmen auf dem spanischen Markt bestens positioniert. Es ist in der Lage, vom Roh- oder Halbfabrikat bis zum einbaufertigen Endprodukt eine Vielfalt von Materialien zu liefern, viele Verarbeitungsschritte durchzuf\u00fchren, um damit [&hellip;]\" \/>\n<meta property=\"og:url\" content=\"https:\/\/www.mesima.com\/de\/wer-wir-sind\/\" \/>\n<meta property=\"og:site_name\" content=\"Mesima\" \/>\n<meta property=\"article:modified_time\" content=\"2023-07-21T07:37:18+00:00\" \/>\n<meta name=\"twitter:card\" content=\"summary_large_image\" \/>\n<meta name=\"twitter:label1\" content=\"Gesch\u00e4tzte Lesezeit\" \/>\n\t<meta name=\"twitter:data1\" content=\"7\u00a0Minuten\" \/>\n<script type=\"application\/ld+json\" class=\"yoast-schema-graph\">{\"@context\":\"https:\/\/schema.org\",\"@graph\":[{\"@type\":\"WebPage\",\"@id\":\"https:\/\/www.mesima.com\/de\/wer-wir-sind\/\",\"url\":\"https:\/\/www.mesima.com\/de\/wer-wir-sind\/\",\"name\":\"Wer wir sind - Mesima\",\"isPartOf\":{\"@id\":\"https:\/\/www.mesima.com\/de\/#website\"},\"datePublished\":\"2023-03-13T11:19:38+00:00\",\"dateModified\":\"2023-07-21T07:37:18+00:00\",\"breadcrumb\":{\"@id\":\"https:\/\/www.mesima.com\/de\/wer-wir-sind\/#breadcrumb\"},\"inLanguage\":\"de\",\"potentialAction\":[{\"@type\":\"ReadAction\",\"target\":[\"https:\/\/www.mesima.com\/de\/wer-wir-sind\/\"]}]},{\"@type\":\"BreadcrumbList\",\"@id\":\"https:\/\/www.mesima.com\/de\/wer-wir-sind\/#breadcrumb\",\"itemListElement\":[{\"@type\":\"ListItem\",\"position\":1,\"name\":\"Portada\",\"item\":\"https:\/\/www.mesima.com\/de\/starr\/\"},{\"@type\":\"ListItem\",\"position\":2,\"name\":\"Wer wir sind\"}]},{\"@type\":\"WebSite\",\"@id\":\"https:\/\/www.mesima.com\/de\/#website\",\"url\":\"https:\/\/www.mesima.com\/de\/\",\"name\":\"Mesima\",\"description\":\"Gesti\u00f3n total de materiales\",\"publisher\":{\"@id\":\"https:\/\/www.mesima.com\/de\/#organization\"},\"potentialAction\":[{\"@type\":\"SearchAction\",\"target\":{\"@type\":\"EntryPoint\",\"urlTemplate\":\"https:\/\/www.mesima.com\/de\/?s={search_term_string}\"},\"query-input\":{\"@type\":\"PropertyValueSpecification\",\"valueRequired\":true,\"valueName\":\"search_term_string\"}}],\"inLanguage\":\"de\"},{\"@type\":\"Organization\",\"@id\":\"https:\/\/www.mesima.com\/de\/#organization\",\"name\":\"Mesima Bilbao\",\"url\":\"https:\/\/www.mesima.com\/de\/\",\"logo\":{\"@type\":\"ImageObject\",\"inLanguage\":\"de\",\"@id\":\"https:\/\/www.mesima.com\/de\/#\/schema\/logo\/image\/\",\"url\":\"https:\/\/www.mesima.com\/wp-content\/uploads\/2023\/02\/cropped-Mesima-escudo-\u00a9.png\",\"contentUrl\":\"https:\/\/www.mesima.com\/wp-content\/uploads\/2023\/02\/cropped-Mesima-escudo-\u00a9.png\",\"width\":512,\"height\":512,\"caption\":\"Mesima Bilbao\"},\"image\":{\"@id\":\"https:\/\/www.mesima.com\/de\/#\/schema\/logo\/image\/\"}}]}<\/script>\n<!-- \/ Yoast SEO plugin. -->","yoast_head_json":{"title":"Wer wir sind - Mesima","robots":{"index":"index","follow":"follow","max-snippet":"max-snippet:-1","max-image-preview":"max-image-preview:large","max-video-preview":"max-video-preview:-1"},"canonical":"https:\/\/www.mesima.com\/de\/wer-wir-sind\/","og_locale":"de_DE","og_type":"article","og_title":"Wer wir sind - Mesima","og_description":"Mesima Bilbao S.A. wurde 1954 gegr\u00fcndet und konzentriert sich seither auf eine vollumf\u00e4ngliche Materialwirtschaft, welche auf Servicequalit\u00e4t und Zuverl\u00e4ssigkeit basiert.Durch sein Wachstum ist das Unternehmen auf dem spanischen Markt bestens positioniert. Es ist in der Lage, vom Roh- oder Halbfabrikat bis zum einbaufertigen Endprodukt eine Vielfalt von Materialien zu liefern, viele Verarbeitungsschritte durchzuf\u00fchren, um damit [&hellip;]","og_url":"https:\/\/www.mesima.com\/de\/wer-wir-sind\/","og_site_name":"Mesima","article_modified_time":"2023-07-21T07:37:18+00:00","twitter_card":"summary_large_image","twitter_misc":{"Gesch\u00e4tzte Lesezeit":"7\u00a0Minuten"},"schema":{"@context":"https:\/\/schema.org","@graph":[{"@type":"WebPage","@id":"https:\/\/www.mesima.com\/de\/wer-wir-sind\/","url":"https:\/\/www.mesima.com\/de\/wer-wir-sind\/","name":"Wer wir sind - Mesima","isPartOf":{"@id":"https:\/\/www.mesima.com\/de\/#website"},"datePublished":"2023-03-13T11:19:38+00:00","dateModified":"2023-07-21T07:37:18+00:00","breadcrumb":{"@id":"https:\/\/www.mesima.com\/de\/wer-wir-sind\/#breadcrumb"},"inLanguage":"de","potentialAction":[{"@type":"ReadAction","target":["https:\/\/www.mesima.com\/de\/wer-wir-sind\/"]}]},{"@type":"BreadcrumbList","@id":"https:\/\/www.mesima.com\/de\/wer-wir-sind\/#breadcrumb","itemListElement":[{"@type":"ListItem","position":1,"name":"Portada","item":"https:\/\/www.mesima.com\/de\/starr\/"},{"@type":"ListItem","position":2,"name":"Wer wir sind"}]},{"@type":"WebSite","@id":"https:\/\/www.mesima.com\/de\/#website","url":"https:\/\/www.mesima.com\/de\/","name":"Mesima","description":"Gesti\u00f3n total de materiales","publisher":{"@id":"https:\/\/www.mesima.com\/de\/#organization"},"potentialAction":[{"@type":"SearchAction","target":{"@type":"EntryPoint","urlTemplate":"https:\/\/www.mesima.com\/de\/?s={search_term_string}"},"query-input":{"@type":"PropertyValueSpecification","valueRequired":true,"valueName":"search_term_string"}}],"inLanguage":"de"},{"@type":"Organization","@id":"https:\/\/www.mesima.com\/de\/#organization","name":"Mesima Bilbao","url":"https:\/\/www.mesima.com\/de\/","logo":{"@type":"ImageObject","inLanguage":"de","@id":"https:\/\/www.mesima.com\/de\/#\/schema\/logo\/image\/","url":"https:\/\/www.mesima.com\/wp-content\/uploads\/2023\/02\/cropped-Mesima-escudo-\u00a9.png","contentUrl":"https:\/\/www.mesima.com\/wp-content\/uploads\/2023\/02\/cropped-Mesima-escudo-\u00a9.png","width":512,"height":512,"caption":"Mesima Bilbao"},"image":{"@id":"https:\/\/www.mesima.com\/de\/#\/schema\/logo\/image\/"}}]}},"_links":{"self":[{"href":"https:\/\/www.mesima.com\/de\/wp-json\/wp\/v2\/pages\/834","targetHints":{"allow":["GET"]}}],"collection":[{"href":"https:\/\/www.mesima.com\/de\/wp-json\/wp\/v2\/pages"}],"about":[{"href":"https:\/\/www.mesima.com\/de\/wp-json\/wp\/v2\/types\/page"}],"author":[{"embeddable":true,"href":"https:\/\/www.mesima.com\/de\/wp-json\/wp\/v2\/users\/1"}],"replies":[{"embeddable":true,"href":"https:\/\/www.mesima.com\/de\/wp-json\/wp\/v2\/comments?post=834"}],"version-history":[{"count":5,"href":"https:\/\/www.mesima.com\/de\/wp-json\/wp\/v2\/pages\/834\/revisions"}],"predecessor-version":[{"id":873,"href":"https:\/\/www.mesima.com\/de\/wp-json\/wp\/v2\/pages\/834\/revisions\/873"}],"wp:attachment":[{"href":"https:\/\/www.mesima.com\/de\/wp-json\/wp\/v2\/media?parent=834"}],"curies":[{"name":"wp","href":"https:\/\/api.w.org\/{rel}","templated":true}]}}