{"id":648,"date":"2023-03-23T08:44:11","date_gmt":"2023-03-23T08:44:11","guid":{"rendered":"https:\/\/www.mesima.com\/materiales-y-acabados\/"},"modified":"2023-09-26T15:23:39","modified_gmt":"2023-09-26T15:23:39","slug":"materiaux-et-finitions","status":"publish","type":"page","link":"https:\/\/www.mesima.com\/fr\/materiaux-et-finitions\/","title":{"rendered":"Materiaux et finitions"},"content":{"rendered":"<p>[et_pb_section fb_built=\u00a0\u00bb1&Prime; _builder_version=\u00a0\u00bb4.19.5&Prime; _module_preset=\u00a0\u00bbdefault\u00a0\u00bb use_background_color_gradient=\u00a0\u00bbon\u00a0\u00bb background_color_gradient_stops=\u00a0\u00bb#000000 0%|rgba(109,29,0,0) 88%\u00a0\u00bb background_color_gradient_overlays_image=\u00a0\u00bbon\u00a0\u00bb background_image=\u00a0\u00bbhttps:\/\/www.mesima.com\/wp-content\/uploads\/2023\/03\/Mesima-chapa-9726.webp\u00a0\u00bb parallax=\u00a0\u00bbon\u00a0\u00bb parallax_method=\u00a0\u00bboff\u00a0\u00bb height=\u00a0\u00bb500px\u00a0\u00bb max_height=\u00a0\u00bb500px\u00a0\u00bb top_divider_color=\u00a0\u00bbrgba(224,43,32,0.67)\u00a0\u00bb global_colors_info=\u00a0\u00bb{}\u00a0\u00bb][et_pb_row _builder_version=\u00a0\u00bb4.20.2&Prime; _module_preset=\u00a0\u00bbdefault\u00a0\u00bb positioning=\u00a0\u00bbabsolute\u00a0\u00bb position_origin_a=\u00a0\u00bbcenter_center\u00a0\u00bb width=\u00a0\u00bb90%\u00a0\u00bb max_width=\u00a0\u00bb90%\u00a0\u00bb global_colors_info=\u00a0\u00bb{}\u00a0\u00bb][et_pb_column type=\u00a0\u00bb4_4&Prime; _builder_version=\u00a0\u00bb4.19.5&Prime; _module_preset=\u00a0\u00bbdefault\u00a0\u00bb global_colors_info=\u00a0\u00bb{}\u00a0\u00bb][et_pb_blurb title=\u00a0\u00bbMATERIAUX ET FINITIONS\u00a0\u00bb image=\u00a0\u00bbhttps:\/\/www.mesima.com\/wp-content\/uploads\/2023\/03\/Mesima-icono-materias-primas.png\u00a0\u00bb image_icon_width=\u00a0\u00bb100px\u00a0\u00bb content_max_width=\u00a0\u00bb100%\u00a0\u00bb _builder_version=\u00a0\u00bb4.20.2&Prime; _module_preset=\u00a0\u00bbdefault\u00a0\u00bb header_level=\u00a0\u00bbh1&Prime; header_font=\u00a0\u00bb|800||on|||||\u00a0\u00bb header_text_align=\u00a0\u00bbcenter\u00a0\u00bb header_text_color=\u00a0\u00bb#FFFFFF\u00a0\u00bb header_font_size=\u00a0\u00bb48px\u00a0\u00bb header_letter_spacing=\u00a0\u00bb5px\u00a0\u00bb body_text_align=\u00a0\u00bbcenter\u00a0\u00bb body_text_color=\u00a0\u00bb#FFFFFF\u00a0\u00bb body_font_size=\u00a0\u00bb26px\u00a0\u00bb custom_margin=\u00a0\u00bb||8px||false|false\u00a0\u00bb header_text_shadow_style=\u00a0\u00bbpreset1&Prime; global_colors_info=\u00a0\u00bb{}\u00a0\u00bb]<\/p>\n<p class=\"p1\">Toute la gamme de m\u00e9taux, principalement aluminium, et autres mat\u00e9riaux non ferreux.<\/p>\n<p>[\/et_pb_blurb][\/et_pb_column][\/et_pb_row][\/et_pb_section][et_pb_section fb_built=\u00a0\u00bb1&Prime; _builder_version=\u00a0\u00bb4.20.2&Prime; _module_preset=\u00a0\u00bbdefault\u00a0\u00bb background_enable_image=\u00a0\u00bboff\u00a0\u00bb parallax=\u00a0\u00bbon\u00a0\u00bb parallax_method=\u00a0\u00bboff\u00a0\u00bb custom_padding=\u00a0\u00bb0px|||||\u00a0\u00bb top_divider_color=\u00a0\u00bbrgba(224,43,32,0.67)\u00a0\u00bb global_colors_info=\u00a0\u00bb{}\u00a0\u00bb][et_pb_row column_structure=\u00a0\u00bb1_2,1_2&Prime; make_equal=\u00a0\u00bbon\u00a0\u00bb _builder_version=\u00a0\u00bb4.19.5&Prime; _module_preset=\u00a0\u00bbdefault\u00a0\u00bb positioning=\u00a0\u00bbnone\u00a0\u00bb position_origin_a=\u00a0\u00bbcenter_center\u00a0\u00bb width=\u00a0\u00bb85%\u00a0\u00bb max_width=\u00a0\u00bb85%\u00a0\u00bb custom_margin=\u00a0\u00bb30px||||false|false\u00a0\u00bb global_colors_info=\u00a0\u00bb{}\u00a0\u00bb][et_pb_column type=\u00a0\u00bb1_2&Prime; _builder_version=\u00a0\u00bb4.19.5&Prime; _module_preset=\u00a0\u00bbdefault\u00a0\u00bb global_colors_info=\u00a0\u00bb{}\u00a0\u00bb][et_pb_blurb title=\u00a0\u00bbNous fournissons des t\u00f4les, des barres, des profil\u00e9s ou des formes irr\u00e9guli\u00e8res\u00a0\u00bb image=\u00a0\u00bbhttps:\/\/www.mesima.com\/wp-content\/uploads\/2023\/03\/Mesima-icono-materias-primas.png\u00a0\u00bb icon_placement=\u00a0\u00bbleft\u00a0\u00bb image_icon_width=\u00a0\u00bb100px\u00a0\u00bb content_max_width=\u00a0\u00bb100%\u00a0\u00bb _builder_version=\u00a0\u00bb4.20.2&Prime; _module_preset=\u00a0\u00bbdefault\u00a0\u00bb header_level=\u00a0\u00bbh1&Prime; header_font=\u00a0\u00bb|800|||||||\u00a0\u00bb header_text_align=\u00a0\u00bbleft\u00a0\u00bb header_text_color=\u00a0\u00bb#000000&Prime; header_font_size=\u00a0\u00bb20px\u00a0\u00bb body_text_color=\u00a0\u00bb#000000&Prime; body_font_size=\u00a0\u00bb18px\u00a0\u00bb width=\u00a0\u00bb100%\u00a0\u00bb animation=\u00a0\u00bboff\u00a0\u00bb hover_enabled=\u00a0\u00bb0&Prime; global_colors_info=\u00a0\u00bb{}\u00a0\u00bb sticky_enabled=\u00a0\u00bb0&Prime;]<\/p>\n<p class=\"p1\">Nous fournissons des t\u00f4les, des barres, des profil\u00e9s ou des formes irr\u00e9guli\u00e8res<\/p>\n<p>[\/et_pb_blurb][et_pb_blurb title=\u00a0\u00bbALUMINIUM\u00a0\u00bb image=\u00a0\u00bbhttps:\/\/www.mesima.com\/wp-content\/uploads\/2023\/05\/Mesima-icono-Aluminio.png\u00a0\u00bb icon_placement=\u00a0\u00bbleft\u00a0\u00bb content_max_width=\u00a0\u00bb100%\u00a0\u00bb _builder_version=\u00a0\u00bb4.20.2&Prime; _module_preset=\u00a0\u00bbdefault\u00a0\u00bb header_font=\u00a0\u00bb|600|||||||\u00a0\u00bb header_font_size=\u00a0\u00bb20px\u00a0\u00bb width=\u00a0\u00bb100%\u00a0\u00bb custom_margin=\u00a0\u00bb||10px||false|false\u00a0\u00bb animation=\u00a0\u00bboff\u00a0\u00bb global_colors_info=\u00a0\u00bb{}\u00a0\u00bb][\/et_pb_blurb][et_pb_blurb title=\u00a0\u00bbLamin\u00e9\u00a0\u00bb use_icon=\u00a0\u00bbon\u00a0\u00bb font_icon=\u00a0\u00bb&#x35;||divi||400&Prime; icon_placement=\u00a0\u00bbleft\u00a0\u00bb content_max_width=\u00a0\u00bb100%\u00a0\u00bb _builder_version=\u00a0\u00bb4.20.2&Prime; _module_preset=\u00a0\u00bbdefault\u00a0\u00bb header_font=\u00a0\u00bb|600|||||||\u00a0\u00bb header_font_size=\u00a0\u00bb18px\u00a0\u00bb width=\u00a0\u00bb100%\u00a0\u00bb custom_margin=\u00a0\u00bb||0px|30px|false|false\u00a0\u00bb animation=\u00a0\u00bboff\u00a0\u00bb global_colors_info=\u00a0\u00bb{}\u00a0\u00bb]<\/p>\n<ul>\n<li>T\u00f4le et bobine<\/li>\n<li>Lise\/Brute<\/li>\n<li>Gaufr\u00e9e<\/li>\n<li>Laqu\u00e9e<\/li>\n<li>Anodis\u00e9e<\/li>\n<li>Perfor\u00e9e<\/li>\n<li>T\u00f4le \u00e0 Damier<\/li>\n<li>T\u00f4le Pli\u00e9e<\/li>\n<li>T\u00f4le profil\u00e9e\n<ul>\n<li>Ondul\u00e9e<\/li>\n<li>Trapezo\u00efdale<\/li>\n<\/ul>\n<\/li>\n<\/ul>\n<p>[\/et_pb_blurb][et_pb_blurb title=\u00a0\u00bbProfils extrud\u00e9s\u00a0\u00bb use_icon=\u00a0\u00bbon\u00a0\u00bb font_icon=\u00a0\u00bb&#x35;||divi||400&Prime; icon_placement=\u00a0\u00bbleft\u00a0\u00bb content_max_width=\u00a0\u00bb100%\u00a0\u00bb _builder_version=\u00a0\u00bb4.20.2&Prime; _module_preset=\u00a0\u00bbdefault\u00a0\u00bb header_font=\u00a0\u00bb|600|||||||\u00a0\u00bb header_font_size=\u00a0\u00bb18px\u00a0\u00bb width=\u00a0\u00bb100%\u00a0\u00bb custom_margin=\u00a0\u00bb-21px||0px|30px|false|false\u00a0\u00bb custom_padding=\u00a0\u00bb||0px|||\u00a0\u00bb animation=\u00a0\u00bboff\u00a0\u00bb global_colors_info=\u00a0\u00bb{}\u00a0\u00bb]<\/p>\n<ul class=\"ul1\">\n<ul class=\"ul1\">\n<li class=\"li1\"><span class=\"s1\"><\/span> Corni\u00e8re <\/li>\n<li class=\"li1\"><span class=\"s1\"><\/span> M\u00e9plats <\/li>\n<li class=\"li1\"><span class=\"s1\"><\/span> Barres <\/li>\n<li class=\"li1\"><span class=\"s1\"><\/span> Tubes <\/li>\n<li class=\"li1\"><span class=\"s1\"><\/span> Irr\u00e9guliers\n<\/ul>\n<\/ul>\n<p>[\/et_pb_blurb][et_pb_blurb title=\u00a0\u00bbCUIVRE\u00a0\u00bb image=\u00a0\u00bbhttps:\/\/www.mesima.com\/wp-content\/uploads\/2023\/05\/Mesima-icono-cobre.png\u00a0\u00bb icon_placement=\u00a0\u00bbleft\u00a0\u00bb content_max_width=\u00a0\u00bb100%\u00a0\u00bb _builder_version=\u00a0\u00bb4.20.2&Prime; _module_preset=\u00a0\u00bbdefault\u00a0\u00bb header_font=\u00a0\u00bb|600|||||||\u00a0\u00bb header_font_size=\u00a0\u00bb20px\u00a0\u00bb width=\u00a0\u00bb100%\u00a0\u00bb custom_margin=\u00a0\u00bb||10px||false|false\u00a0\u00bb animation=\u00a0\u00bboff\u00a0\u00bb global_colors_info=\u00a0\u00bb{}\u00a0\u00bb][\/et_pb_blurb][et_pb_blurb title=\u00a0\u00bbLAITON\u00a0\u00bb image=\u00a0\u00bbhttps:\/\/www.mesima.com\/wp-content\/uploads\/2023\/05\/Mesima-icono-laton.png\u00a0\u00bb icon_placement=\u00a0\u00bbleft\u00a0\u00bb content_max_width=\u00a0\u00bb100%\u00a0\u00bb _builder_version=\u00a0\u00bb4.20.2&Prime; _module_preset=\u00a0\u00bbdefault\u00a0\u00bb header_font=\u00a0\u00bb|600|||||||\u00a0\u00bb header_font_size=\u00a0\u00bb20px\u00a0\u00bb width=\u00a0\u00bb100%\u00a0\u00bb custom_margin=\u00a0\u00bb||10px||false|false\u00a0\u00bb animation=\u00a0\u00bboff\u00a0\u00bb global_colors_info=\u00a0\u00bb{}\u00a0\u00bb][\/et_pb_blurb][\/et_pb_column][et_pb_column type=\u00a0\u00bb1_2&Prime; _builder_version=\u00a0\u00bb4.19.5&Prime; _module_preset=\u00a0\u00bbdefault\u00a0\u00bb background_enable_image=\u00a0\u00bboff\u00a0\u00bb parallax=\u00a0\u00bbon\u00a0\u00bb global_colors_info=\u00a0\u00bb{}\u00a0\u00bb][et_pb_image src=\u00a0\u00bbhttps:\/\/www.mesima.com\/wp-content\/uploads\/2023\/03\/MESIMA-materiales-9716.webp\u00a0\u00bb title_text=\u00a0\u00bbMESIMA-materiales-9716&Prime; show_bottom_space=\u00a0\u00bboff\u00a0\u00bb _builder_version=\u00a0\u00bb4.19.5&Prime; _module_preset=\u00a0\u00bbdefault\u00a0\u00bb max_width=\u00a0\u00bb80%\u00a0\u00bb box_shadow_style=\u00a0\u00bbpreset1&Prime; global_colors_info=\u00a0\u00bb{}\u00a0\u00bb][\/et_pb_image][et_pb_image src=\u00a0\u00bbhttps:\/\/www.mesima.com\/wp-content\/uploads\/2023\/03\/mesima-materiales9750.webp\u00a0\u00bb title_text=\u00a0\u00bbmesima-materiales9750&Prime; show_bottom_space=\u00a0\u00bboff\u00a0\u00bb align=\u00a0\u00bbcenter\u00a0\u00bb _builder_version=\u00a0\u00bb4.19.5&Prime; _module_preset=\u00a0\u00bbdefault\u00a0\u00bb max_width=\u00a0\u00bb80%\u00a0\u00bb custom_margin=\u00a0\u00bb-30px||||false|false\u00a0\u00bb box_shadow_style=\u00a0\u00bbpreset1&Prime; global_colors_info=\u00a0\u00bb{}\u00a0\u00bb][\/et_pb_image][et_pb_image src=\u00a0\u00bbhttps:\/\/www.mesima.com\/wp-content\/uploads\/2023\/04\/MESIMA-chapa-9817.webp\u00a0\u00bb title_text=\u00a0\u00bbMESIMA-chapa-9817&Prime; show_bottom_space=\u00a0\u00bboff\u00a0\u00bb _builder_version=\u00a0\u00bb4.20.2&Prime; _module_preset=\u00a0\u00bbdefault\u00a0\u00bb z_index=\u00a0\u00bb500&Prime; max_width=\u00a0\u00bb80%\u00a0\u00bb custom_margin=\u00a0\u00bb-30px||||false|false\u00a0\u00bb box_shadow_style=\u00a0\u00bbpreset1&Prime; global_colors_info=\u00a0\u00bb{}\u00a0\u00bb][\/et_pb_image][\/et_pb_column][\/et_pb_row][\/et_pb_section]<\/p>\n","protected":false},"excerpt":{"rendered":"<p>Toute la gamme de m\u00e9taux, principalement aluminium, et autres mat\u00e9riaux non ferreux.Nous fournissons des t\u00f4les, des barres, des profil\u00e9s ou des formes irr\u00e9guli\u00e8res T\u00f4le et bobine Lise\/Brute Gaufr\u00e9e Laqu\u00e9e Anodis\u00e9e Perfor\u00e9e T\u00f4le \u00e0 Damier T\u00f4le Pli\u00e9e T\u00f4le profil\u00e9e Ondul\u00e9e Trapezo\u00efdale Corni\u00e8re M\u00e9plats Barres Tubes Irr\u00e9guliers<\/p>\n","protected":false},"author":1,"featured_media":0,"parent":0,"menu_order":0,"comment_status":"closed","ping_status":"closed","template":"","meta":{"_et_pb_use_builder":"on","_et_pb_old_content":"","_et_gb_content_width":"","footnotes":""},"class_list":["post-648","page","type-page","status-publish","hentry"],"yoast_head":"<!-- This site is optimized with the Yoast SEO plugin v27.5 - https:\/\/yoast.com\/product\/yoast-seo-wordpress\/ -->\n<title>Materiaux et finitions - Mesima<\/title>\n<meta name=\"robots\" content=\"index, follow, max-snippet:-1, max-image-preview:large, max-video-preview:-1\" \/>\n<link rel=\"canonical\" href=\"https:\/\/www.mesima.com\/fr\/materiaux-et-finitions\/\" \/>\n<meta property=\"og:locale\" content=\"fr_FR\" \/>\n<meta property=\"og:type\" content=\"article\" \/>\n<meta property=\"og:title\" content=\"Materiaux et finitions - Mesima\" \/>\n<meta property=\"og:description\" content=\"Toute la gamme de m\u00e9taux, principalement aluminium, et autres mat\u00e9riaux non ferreux.Nous fournissons des t\u00f4les, des barres, des profil\u00e9s ou des formes irr\u00e9guli\u00e8res T\u00f4le et bobine Lise\/Brute Gaufr\u00e9e Laqu\u00e9e Anodis\u00e9e Perfor\u00e9e T\u00f4le \u00e0 Damier T\u00f4le Pli\u00e9e T\u00f4le profil\u00e9e Ondul\u00e9e Trapezo\u00efdale Corni\u00e8re M\u00e9plats Barres Tubes Irr\u00e9guliers\" \/>\n<meta property=\"og:url\" content=\"https:\/\/www.mesima.com\/fr\/materiaux-et-finitions\/\" \/>\n<meta property=\"og:site_name\" content=\"Mesima\" \/>\n<meta property=\"article:modified_time\" content=\"2023-09-26T15:23:39+00:00\" \/>\n<meta name=\"twitter:card\" content=\"summary_large_image\" \/>\n<meta name=\"twitter:label1\" content=\"Dur\u00e9e de lecture estim\u00e9e\" \/>\n\t<meta name=\"twitter:data1\" content=\"4 minutes\" \/>\n<script type=\"application\/ld+json\" class=\"yoast-schema-graph\">{\"@context\":\"https:\\\/\\\/schema.org\",\"@graph\":[{\"@type\":\"WebPage\",\"@id\":\"https:\\\/\\\/www.mesima.com\\\/fr\\\/materiaux-et-finitions\\\/\",\"url\":\"https:\\\/\\\/www.mesima.com\\\/fr\\\/materiaux-et-finitions\\\/\",\"name\":\"Materiaux et finitions - Mesima\",\"isPartOf\":{\"@id\":\"https:\\\/\\\/www.mesima.com\\\/fr\\\/#website\"},\"datePublished\":\"2023-03-23T08:44:11+00:00\",\"dateModified\":\"2023-09-26T15:23:39+00:00\",\"breadcrumb\":{\"@id\":\"https:\\\/\\\/www.mesima.com\\\/fr\\\/materiaux-et-finitions\\\/#breadcrumb\"},\"inLanguage\":\"fr-FR\",\"potentialAction\":[{\"@type\":\"ReadAction\",\"target\":[\"https:\\\/\\\/www.mesima.com\\\/fr\\\/materiaux-et-finitions\\\/\"]}]},{\"@type\":\"BreadcrumbList\",\"@id\":\"https:\\\/\\\/www.mesima.com\\\/fr\\\/materiaux-et-finitions\\\/#breadcrumb\",\"itemListElement\":[{\"@type\":\"ListItem\",\"position\":1,\"name\":\"Portada\",\"item\":\"https:\\\/\\\/www.mesima.com\\\/fr\\\/accueil\\\/\"},{\"@type\":\"ListItem\",\"position\":2,\"name\":\"Materiaux et finitions\"}]},{\"@type\":\"WebSite\",\"@id\":\"https:\\\/\\\/www.mesima.com\\\/fr\\\/#website\",\"url\":\"https:\\\/\\\/www.mesima.com\\\/fr\\\/\",\"name\":\"Mesima\",\"description\":\"Gesti\u00f3n total de materiales\",\"publisher\":{\"@id\":\"https:\\\/\\\/www.mesima.com\\\/fr\\\/#organization\"},\"potentialAction\":[{\"@type\":\"SearchAction\",\"target\":{\"@type\":\"EntryPoint\",\"urlTemplate\":\"https:\\\/\\\/www.mesima.com\\\/fr\\\/?s={search_term_string}\"},\"query-input\":{\"@type\":\"PropertyValueSpecification\",\"valueRequired\":true,\"valueName\":\"search_term_string\"}}],\"inLanguage\":\"fr-FR\"},{\"@type\":\"Organization\",\"@id\":\"https:\\\/\\\/www.mesima.com\\\/fr\\\/#organization\",\"name\":\"Mesima Bilbao\",\"url\":\"https:\\\/\\\/www.mesima.com\\\/fr\\\/\",\"logo\":{\"@type\":\"ImageObject\",\"inLanguage\":\"fr-FR\",\"@id\":\"https:\\\/\\\/www.mesima.com\\\/fr\\\/#\\\/schema\\\/logo\\\/image\\\/\",\"url\":\"https:\\\/\\\/www.mesima.com\\\/wp-content\\\/uploads\\\/2023\\\/02\\\/cropped-Mesima-escudo-\u00a9.png\",\"contentUrl\":\"https:\\\/\\\/www.mesima.com\\\/wp-content\\\/uploads\\\/2023\\\/02\\\/cropped-Mesima-escudo-\u00a9.png\",\"width\":512,\"height\":512,\"caption\":\"Mesima Bilbao\"},\"image\":{\"@id\":\"https:\\\/\\\/www.mesima.com\\\/fr\\\/#\\\/schema\\\/logo\\\/image\\\/\"}}]}<\/script>\n<!-- \/ Yoast SEO plugin. -->","yoast_head_json":{"title":"Materiaux et finitions - Mesima","robots":{"index":"index","follow":"follow","max-snippet":"max-snippet:-1","max-image-preview":"max-image-preview:large","max-video-preview":"max-video-preview:-1"},"canonical":"https:\/\/www.mesima.com\/fr\/materiaux-et-finitions\/","og_locale":"fr_FR","og_type":"article","og_title":"Materiaux et finitions - Mesima","og_description":"Toute la gamme de m\u00e9taux, principalement aluminium, et autres mat\u00e9riaux non ferreux.Nous fournissons des t\u00f4les, des barres, des profil\u00e9s ou des formes irr\u00e9guli\u00e8res T\u00f4le et bobine Lise\/Brute Gaufr\u00e9e Laqu\u00e9e Anodis\u00e9e Perfor\u00e9e T\u00f4le \u00e0 Damier T\u00f4le Pli\u00e9e T\u00f4le profil\u00e9e Ondul\u00e9e Trapezo\u00efdale Corni\u00e8re M\u00e9plats Barres Tubes Irr\u00e9guliers","og_url":"https:\/\/www.mesima.com\/fr\/materiaux-et-finitions\/","og_site_name":"Mesima","article_modified_time":"2023-09-26T15:23:39+00:00","twitter_card":"summary_large_image","twitter_misc":{"Dur\u00e9e de lecture estim\u00e9e":"4 minutes"},"schema":{"@context":"https:\/\/schema.org","@graph":[{"@type":"WebPage","@id":"https:\/\/www.mesima.com\/fr\/materiaux-et-finitions\/","url":"https:\/\/www.mesima.com\/fr\/materiaux-et-finitions\/","name":"Materiaux et finitions - Mesima","isPartOf":{"@id":"https:\/\/www.mesima.com\/fr\/#website"},"datePublished":"2023-03-23T08:44:11+00:00","dateModified":"2023-09-26T15:23:39+00:00","breadcrumb":{"@id":"https:\/\/www.mesima.com\/fr\/materiaux-et-finitions\/#breadcrumb"},"inLanguage":"fr-FR","potentialAction":[{"@type":"ReadAction","target":["https:\/\/www.mesima.com\/fr\/materiaux-et-finitions\/"]}]},{"@type":"BreadcrumbList","@id":"https:\/\/www.mesima.com\/fr\/materiaux-et-finitions\/#breadcrumb","itemListElement":[{"@type":"ListItem","position":1,"name":"Portada","item":"https:\/\/www.mesima.com\/fr\/accueil\/"},{"@type":"ListItem","position":2,"name":"Materiaux et finitions"}]},{"@type":"WebSite","@id":"https:\/\/www.mesima.com\/fr\/#website","url":"https:\/\/www.mesima.com\/fr\/","name":"Mesima","description":"Gesti\u00f3n total de materiales","publisher":{"@id":"https:\/\/www.mesima.com\/fr\/#organization"},"potentialAction":[{"@type":"SearchAction","target":{"@type":"EntryPoint","urlTemplate":"https:\/\/www.mesima.com\/fr\/?s={search_term_string}"},"query-input":{"@type":"PropertyValueSpecification","valueRequired":true,"valueName":"search_term_string"}}],"inLanguage":"fr-FR"},{"@type":"Organization","@id":"https:\/\/www.mesima.com\/fr\/#organization","name":"Mesima Bilbao","url":"https:\/\/www.mesima.com\/fr\/","logo":{"@type":"ImageObject","inLanguage":"fr-FR","@id":"https:\/\/www.mesima.com\/fr\/#\/schema\/logo\/image\/","url":"https:\/\/www.mesima.com\/wp-content\/uploads\/2023\/02\/cropped-Mesima-escudo-\u00a9.png","contentUrl":"https:\/\/www.mesima.com\/wp-content\/uploads\/2023\/02\/cropped-Mesima-escudo-\u00a9.png","width":512,"height":512,"caption":"Mesima Bilbao"},"image":{"@id":"https:\/\/www.mesima.com\/fr\/#\/schema\/logo\/image\/"}}]}},"_links":{"self":[{"href":"https:\/\/www.mesima.com\/fr\/wp-json\/wp\/v2\/pages\/648","targetHints":{"allow":["GET"]}}],"collection":[{"href":"https:\/\/www.mesima.com\/fr\/wp-json\/wp\/v2\/pages"}],"about":[{"href":"https:\/\/www.mesima.com\/fr\/wp-json\/wp\/v2\/types\/page"}],"author":[{"embeddable":true,"href":"https:\/\/www.mesima.com\/fr\/wp-json\/wp\/v2\/users\/1"}],"replies":[{"embeddable":true,"href":"https:\/\/www.mesima.com\/fr\/wp-json\/wp\/v2\/comments?post=648"}],"version-history":[{"count":5,"href":"https:\/\/www.mesima.com\/fr\/wp-json\/wp\/v2\/pages\/648\/revisions"}],"predecessor-version":[{"id":1001,"href":"https:\/\/www.mesima.com\/fr\/wp-json\/wp\/v2\/pages\/648\/revisions\/1001"}],"wp:attachment":[{"href":"https:\/\/www.mesima.com\/fr\/wp-json\/wp\/v2\/media?parent=648"}],"curies":[{"name":"wp","href":"https:\/\/api.w.org\/{rel}","templated":true}]}}