{"id":649,"date":"2023-03-13T11:19:38","date_gmt":"2023-03-13T11:19:38","guid":{"rendered":"https:\/\/www.mesima.com\/quienes-somos\/"},"modified":"2023-07-21T07:28:43","modified_gmt":"2023-07-21T07:28:43","slug":"qui-sommes-nous","status":"publish","type":"page","link":"https:\/\/www.mesima.com\/fr\/qui-sommes-nous\/","title":{"rendered":"Qui sommes-nous"},"content":{"rendered":"<p>[et_pb_section fb_built=\u00a0\u00bb1&Prime; _builder_version=\u00a0\u00bb4.20.2&Prime; _module_preset=\u00a0\u00bbdefault\u00a0\u00bb use_background_color_gradient=\u00a0\u00bbon\u00a0\u00bb background_color_gradient_stops=\u00a0\u00bb#000000 0%|rgba(255,255,255,0.24) 82%|rgba(252, 59, 53, 0) 100%\u00a0\u00bb background_color_gradient_overlays_image=\u00a0\u00bbon\u00a0\u00bb background_image=\u00a0\u00bbhttps:\/\/www.mesima.com\/wp-content\/uploads\/2023\/04\/Mesima-AERONAUTICA-2.webp\u00a0\u00bb parallax=\u00a0\u00bbon\u00a0\u00bb parallax_method=\u00a0\u00bboff\u00a0\u00bb height=\u00a0\u00bb800px\u00a0\u00bb top_divider_color=\u00a0\u00bbrgba(224,43,32,0.67)\u00a0\u00bb global_colors_info=\u00a0\u00bb{}\u00a0\u00bb][et_pb_row _builder_version=\u00a0\u00bb4.20.2&Prime; _module_preset=\u00a0\u00bbdefault\u00a0\u00bb positioning=\u00a0\u00bbabsolute\u00a0\u00bb position_origin_a=\u00a0\u00bbcenter_center\u00a0\u00bb position_origin_r=\u00a0\u00bbbottom_left\u00a0\u00bb global_colors_info=\u00a0\u00bb{}\u00a0\u00bb][et_pb_column type=\u00a0\u00bb4_4&Prime; _builder_version=\u00a0\u00bb4.19.5&Prime; _module_preset=\u00a0\u00bbdefault\u00a0\u00bb global_colors_info=\u00a0\u00bb{}\u00a0\u00bb][et_pb_blurb title=\u00a0\u00bbMESIMA BILBAO\u00a0\u00bb image=\u00a0\u00bbhttps:\/\/www.mesima.com\/wp-content\/uploads\/2023\/02\/cropped-Mesima-escudo-\u00a9.png\u00a0\u00bb image_icon_width=\u00a0\u00bb100px\u00a0\u00bb content_max_width=\u00a0\u00bb100%\u00a0\u00bb _builder_version=\u00a0\u00bb4.20.2&Prime; _module_preset=\u00a0\u00bbdefault\u00a0\u00bb header_level=\u00a0\u00bbh1&Prime; header_font=\u00a0\u00bb|800||on|||||\u00a0\u00bb header_text_align=\u00a0\u00bbcenter\u00a0\u00bb header_text_color=\u00a0\u00bb#FFFFFF\u00a0\u00bb header_font_size=\u00a0\u00bb48px\u00a0\u00bb header_letter_spacing=\u00a0\u00bb5px\u00a0\u00bb body_text_align=\u00a0\u00bbcenter\u00a0\u00bb body_text_color=\u00a0\u00bb#FFFFFF\u00a0\u00bb body_font_size=\u00a0\u00bb21px\u00a0\u00bb custom_margin=\u00a0\u00bb||8px||false|false\u00a0\u00bb header_text_shadow_style=\u00a0\u00bbpreset1&Prime; global_colors_info=\u00a0\u00bb{}\u00a0\u00bb]Mesima Bilbao, S.A. a \u00e9t\u00e9 fond\u00e9e en 1954, et depuis elle s&rsquo;est engag\u00e9e dans la gestion totale des mat\u00e9riaux en se basant sur la qualit\u00e9 et la fiabilit\u00e9 du service.[\/et_pb_blurb][\/et_pb_column][\/et_pb_row][et_pb_row column_structure=\u00a0\u00bb1_3,1_3,1_3&Prime; use_custom_gutter=\u00a0\u00bbon\u00a0\u00bb gutter_width=\u00a0\u00bb1&Prime; _builder_version=\u00a0\u00bb4.20.2&Prime; _module_preset=\u00a0\u00bbdefault\u00a0\u00bb positioning=\u00a0\u00bbabsolute\u00a0\u00bb position_origin_a=\u00a0\u00bbbottom_center\u00a0\u00bb z_index=\u00a0\u00bb500&Prime; border_color_right=\u00a0\u00bb#E02B20&Prime; border_width_bottom=\u00a0\u00bb2px\u00a0\u00bb border_color_bottom=\u00a0\u00bb#E02B20&Prime; global_colors_info=\u00a0\u00bb{}\u00a0\u00bb][et_pb_column type=\u00a0\u00bb1_3&Prime; _builder_version=\u00a0\u00bb4.20.2&Prime; _module_preset=\u00a0\u00bbdefault\u00a0\u00bb global_colors_info=\u00a0\u00bb{}\u00a0\u00bb][et_pb_image src=\u00a0\u00bbhttps:\/\/www.mesima.com\/wp-content\/uploads\/2023\/04\/mesima-corte-9765.webp\u00a0\u00bb title_text=\u00a0\u00bbmesima-corte-9765&Prime; show_bottom_space=\u00a0\u00bboff\u00a0\u00bb _builder_version=\u00a0\u00bb4.20.2&Prime; _module_preset=\u00a0\u00bbdefault\u00a0\u00bb max_width=\u00a0\u00bb100%\u00a0\u00bb module_alignment=\u00a0\u00bbcenter\u00a0\u00bb border_width_right=\u00a0\u00bb2px\u00a0\u00bb border_color_right=\u00a0\u00bb#E02B20&Prime; box_shadow_style=\u00a0\u00bbpreset1&Prime; global_colors_info=\u00a0\u00bb{}\u00a0\u00bb][\/et_pb_image][\/et_pb_column][et_pb_column type=\u00a0\u00bb1_3&Prime; _builder_version=\u00a0\u00bb4.20.2&Prime; _module_preset=\u00a0\u00bbdefault\u00a0\u00bb global_colors_info=\u00a0\u00bb{}\u00a0\u00bb][et_pb_image src=\u00a0\u00bbhttps:\/\/www.mesima.com\/wp-content\/uploads\/2023\/04\/Mesima-Rodillos-9735.jpg\u00a0\u00bb title_text=\u00a0\u00bbMesima-Rodillos-9735&Prime; show_bottom_space=\u00a0\u00bboff\u00a0\u00bb _builder_version=\u00a0\u00bb4.20.2&Prime; _module_preset=\u00a0\u00bbdefault\u00a0\u00bb max_width=\u00a0\u00bb100%\u00a0\u00bb module_alignment=\u00a0\u00bbcenter\u00a0\u00bb box_shadow_style=\u00a0\u00bbpreset1&Prime; global_colors_info=\u00a0\u00bb{}\u00a0\u00bb][\/et_pb_image][\/et_pb_column][et_pb_column type=\u00a0\u00bb1_3&Prime; _builder_version=\u00a0\u00bb4.20.2&Prime; _module_preset=\u00a0\u00bbdefault\u00a0\u00bb global_colors_info=\u00a0\u00bb{}\u00a0\u00bb][et_pb_image src=\u00a0\u00bbhttps:\/\/www.mesima.com\/wp-content\/uploads\/2023\/04\/Mesima-corte-9595.webp\u00a0\u00bb title_text=\u00a0\u00bbMesima-corte-9595&Prime; show_bottom_space=\u00a0\u00bboff\u00a0\u00bb _builder_version=\u00a0\u00bb4.20.2&Prime; _module_preset=\u00a0\u00bbdefault\u00a0\u00bb max_width=\u00a0\u00bb100%\u00a0\u00bb module_alignment=\u00a0\u00bbcenter\u00a0\u00bb border_width_left=\u00a0\u00bb2px\u00a0\u00bb border_color_left=\u00a0\u00bb#E02B20&Prime; box_shadow_style=\u00a0\u00bbpreset1&Prime; global_colors_info=\u00a0\u00bb{}\u00a0\u00bb][\/et_pb_image][\/et_pb_column][\/et_pb_row][\/et_pb_section][et_pb_section fb_built=\u00a0\u00bb1&Prime; _builder_version=\u00a0\u00bb4.20.2&Prime; _module_preset=\u00a0\u00bbdefault\u00a0\u00bb use_background_color_gradient=\u00a0\u00bbon\u00a0\u00bb background_color_gradient_direction=\u00a0\u00bb82deg\u00a0\u00bb background_color_gradient_stops=\u00a0\u00bbrgba(0,0,0,0.68) 0%|rgba(0,0,0,0.45) 27%|#e02b20 100%\u00a0\u00bb background_color_gradient_overlays_image=\u00a0\u00bbon\u00a0\u00bb background_enable_image=\u00a0\u00bboff\u00a0\u00bb parallax=\u00a0\u00bbon\u00a0\u00bb parallax_method=\u00a0\u00bboff\u00a0\u00bb height=\u00a0\u00bb700px\u00a0\u00bb custom_margin=\u00a0\u00bb-40px|||||\u00a0\u00bb custom_padding=\u00a0\u00bb0px|||||\u00a0\u00bb top_divider_color=\u00a0\u00bbrgba(224,43,32,0.67)\u00a0\u00bb global_colors_info=\u00a0\u00bb{}\u00a0\u00bb][et_pb_row column_structure=\u00a0\u00bb1_3,1_3,1_3&Prime; use_custom_gutter=\u00a0\u00bbon\u00a0\u00bb gutter_width=\u00a0\u00bb1&Prime; make_equal=\u00a0\u00bbon\u00a0\u00bb _builder_version=\u00a0\u00bb4.20.2&Prime; _module_preset=\u00a0\u00bbdefault\u00a0\u00bb positioning=\u00a0\u00bbabsolute\u00a0\u00bb position_origin_a=\u00a0\u00bbcenter_center\u00a0\u00bb width=\u00a0\u00bb85%\u00a0\u00bb max_width=\u00a0\u00bb85%\u00a0\u00bb custom_padding=\u00a0\u00bb50px||||false|false\u00a0\u00bb global_colors_info=\u00a0\u00bb{}\u00a0\u00bb][et_pb_column type=\u00a0\u00bb1_3&Prime; _builder_version=\u00a0\u00bb4.20.2&Prime; _module_preset=\u00a0\u00bbdefault\u00a0\u00bb background_enable_color=\u00a0\u00bboff\u00a0\u00bb global_colors_info=\u00a0\u00bb{}\u00a0\u00bb][et_pb_blurb title=\u00a0\u00bbCROISSANCE\u00a0\u00bb image=\u00a0\u00bbhttps:\/\/www.mesima.com\/wp-content\/uploads\/2023\/04\/Mesima-icono-CRECIMIENTO.png\u00a0\u00bb icon_placement=\u00a0\u00bbleft\u00a0\u00bb image_icon_width=\u00a0\u00bb48px\u00a0\u00bb content_max_width=\u00a0\u00bb100%\u00a0\u00bb _builder_version=\u00a0\u00bb4.20.2&Prime; _module_preset=\u00a0\u00bbdefault\u00a0\u00bb header_level=\u00a0\u00bbh1&Prime; header_font=\u00a0\u00bb|800|||||||\u00a0\u00bb header_text_align=\u00a0\u00bbleft\u00a0\u00bb header_text_color=\u00a0\u00bb#000000&Prime; header_font_size=\u00a0\u00bb30px\u00a0\u00bb header_letter_spacing=\u00a0\u00bb3px\u00a0\u00bb body_text_color=\u00a0\u00bb#000000&Prime; body_font_size=\u00a0\u00bb18px\u00a0\u00bb custom_margin=\u00a0\u00bb20px|20px|40px|20px|false|false\u00a0\u00bb animation=\u00a0\u00bboff\u00a0\u00bb global_colors_info=\u00a0\u00bb{}\u00a0\u00bb]<\/p>\n<p class=\"p1\">Sa croissance la place comme une entreprise tr\u00e8s bien positionn\u00e9e sur le march\u00e9 espagnol, en raison de sa capacit\u00e9 \u00e0 fournir des mati\u00e8res premi\u00e8res ou semi-finies \u00e0 la pi\u00e8ce finale, offrant une approche innovante du service, appliqu\u00e9e \u00e0 la diversit\u00e9 des mat\u00e9riaux et \u00e0 leur parach\u00e8vement.<span class=\"s1\"><span class=\"Apple-converted-space\">\u00a0<\/span><\/span><\/p>\n<p>[\/et_pb_blurb][\/et_pb_column][et_pb_column type=\u00a0\u00bb1_3&Prime; _builder_version=\u00a0\u00bb4.20.2&Prime; _module_preset=\u00a0\u00bbdefault\u00a0\u00bb background_image=\u00a0\u00bbhttps:\/\/www.mesima.com\/wp-content\/uploads\/2023\/04\/Mesima-tecnologia-9675.jpg\u00a0\u00bb parallax=\u00a0\u00bbon\u00a0\u00bb animation_style=\u00a0\u00bbslide\u00a0\u00bb animation_direction=\u00a0\u00bbtop\u00a0\u00bb global_colors_info=\u00a0\u00bb{}\u00a0\u00bb][\/et_pb_column][et_pb_column type=\u00a0\u00bb1_3&Prime; _builder_version=\u00a0\u00bb4.20.2&Prime; _module_preset=\u00a0\u00bbdefault\u00a0\u00bb background_image=\u00a0\u00bbhttps:\/\/www.mesima.com\/wp-content\/uploads\/2023\/04\/mesima-aeronautica-01.webp\u00a0\u00bb parallax=\u00a0\u00bbon\u00a0\u00bb animation_style=\u00a0\u00bbslide\u00a0\u00bb animation_direction=\u00a0\u00bbbottom\u00a0\u00bb global_colors_info=\u00a0\u00bb{}\u00a0\u00bb][\/et_pb_column][\/et_pb_row][\/et_pb_section][et_pb_section fb_built=\u00a0\u00bb1&Prime; _builder_version=\u00a0\u00bb4.20.2&Prime; _module_preset=\u00a0\u00bbdefault\u00a0\u00bb use_background_color_gradient=\u00a0\u00bbon\u00a0\u00bb background_color_gradient_direction=\u00a0\u00bb82deg\u00a0\u00bb background_color_gradient_stops=\u00a0\u00bbrgba(0,0,0,0.68) 0%|rgba(0,0,0,0.45) 27%|#e02b20 100%\u00a0\u00bb background_color_gradient_overlays_image=\u00a0\u00bbon\u00a0\u00bb background_image=\u00a0\u00bbhttps:\/\/www.mesima.com\/wp-content\/uploads\/2023\/04\/Mesima-materiales-maquinaria-9652-2.webp\u00a0\u00bb parallax=\u00a0\u00bbon\u00a0\u00bb parallax_method=\u00a0\u00bboff\u00a0\u00bb height=\u00a0\u00bb700px\u00a0\u00bb custom_margin=\u00a0\u00bb-40px|||||\u00a0\u00bb custom_padding=\u00a0\u00bb0px|||||\u00a0\u00bb top_divider_color=\u00a0\u00bbrgba(224,43,32,0.67)\u00a0\u00bb global_colors_info=\u00a0\u00bb{}\u00a0\u00bb][et_pb_row column_structure=\u00a0\u00bb1_3,1_3,1_3&Prime; use_custom_gutter=\u00a0\u00bbon\u00a0\u00bb gutter_width=\u00a0\u00bb1&Prime; make_equal=\u00a0\u00bbon\u00a0\u00bb _builder_version=\u00a0\u00bb4.20.2&Prime; _module_preset=\u00a0\u00bbdefault\u00a0\u00bb positioning=\u00a0\u00bbabsolute\u00a0\u00bb position_origin_a=\u00a0\u00bbcenter_center\u00a0\u00bb width=\u00a0\u00bb85%\u00a0\u00bb max_width=\u00a0\u00bb85%\u00a0\u00bb min_height=\u00a0\u00bb400px\u00a0\u00bb custom_padding=\u00a0\u00bb50px||||false|false\u00a0\u00bb global_colors_info=\u00a0\u00bb{}\u00a0\u00bb][et_pb_column type=\u00a0\u00bb1_3&Prime; _builder_version=\u00a0\u00bb4.20.2&Prime; _module_preset=\u00a0\u00bbdefault\u00a0\u00bb background_color=\u00a0\u00bbrgba(0,0,0,0.54)\u00a0\u00bb global_colors_info=\u00a0\u00bb{}\u00a0\u00bb][et_pb_blurb title=\u00a0\u00bbGARANTIE\u00a0\u00bb image=\u00a0\u00bbhttps:\/\/www.mesima.com\/wp-content\/uploads\/2023\/03\/Mesima-icono-CALIDAD.png\u00a0\u00bb icon_placement=\u00a0\u00bbleft\u00a0\u00bb image_icon_width=\u00a0\u00bb48px\u00a0\u00bb content_max_width=\u00a0\u00bb100%\u00a0\u00bb _builder_version=\u00a0\u00bb4.20.2&Prime; _module_preset=\u00a0\u00bbdefault\u00a0\u00bb header_level=\u00a0\u00bbh1&Prime; header_font=\u00a0\u00bb|800|||||||\u00a0\u00bb header_text_align=\u00a0\u00bbleft\u00a0\u00bb header_text_color=\u00a0\u00bb#FFFFFF\u00a0\u00bb header_font_size=\u00a0\u00bb30px\u00a0\u00bb header_letter_spacing=\u00a0\u00bb3px\u00a0\u00bb body_text_color=\u00a0\u00bb#FFFFFF\u00a0\u00bb body_font_size=\u00a0\u00bb18px\u00a0\u00bb custom_margin=\u00a0\u00bb20px|20px|40px|20px|false|false\u00a0\u00bb animation=\u00a0\u00bboff\u00a0\u00bb global_colors_info=\u00a0\u00bb{}\u00a0\u00bb]Mesima Bilbao garantit \u00e0 ses clients une attention personnalis\u00e9e, offrant une collaboration s\u00e9rieuse et permanente dans tous les domaines et sp\u00e9cialit\u00e9s li\u00e9s \u00e0 l&rsquo;industrie.[\/et_pb_blurb][\/et_pb_column][et_pb_column type=\u00a0\u00bb1_3&Prime; _builder_version=\u00a0\u00bb4.20.2&Prime; _module_preset=\u00a0\u00bbdefault\u00a0\u00bb background_image=\u00a0\u00bbhttps:\/\/www.mesima.com\/wp-content\/uploads\/2023\/04\/mesima-calidad.webp\u00a0\u00bb parallax=\u00a0\u00bbon\u00a0\u00bb animation_style=\u00a0\u00bbslide\u00a0\u00bb animation_direction=\u00a0\u00bbtop\u00a0\u00bb global_colors_info=\u00a0\u00bb{}\u00a0\u00bb][\/et_pb_column][et_pb_column type=\u00a0\u00bb1_3&Prime; _builder_version=\u00a0\u00bb4.20.2&Prime; _module_preset=\u00a0\u00bbdefault\u00a0\u00bb background_image=\u00a0\u00bbhttps:\/\/www.mesima.com\/wp-content\/uploads\/2023\/04\/Mesima-maquinaria-9780.webp\u00a0\u00bb parallax=\u00a0\u00bbon\u00a0\u00bb animation_style=\u00a0\u00bbslide\u00a0\u00bb animation_direction=\u00a0\u00bbbottom\u00a0\u00bb global_colors_info=\u00a0\u00bb{}\u00a0\u00bb][\/et_pb_column][\/et_pb_row][\/et_pb_section][et_pb_section fb_built=\u00a0\u00bb1&Prime; _builder_version=\u00a0\u00bb4.20.2&Prime; _module_preset=\u00a0\u00bbdefault\u00a0\u00bb use_background_color_gradient=\u00a0\u00bbon\u00a0\u00bb background_color_gradient_direction=\u00a0\u00bb82deg\u00a0\u00bb background_color_gradient_stops=\u00a0\u00bbrgba(0,0,0,0.68) 0%|rgba(0,0,0,0.45) 27%|#e02b20 100%\u00a0\u00bb background_color_gradient_overlays_image=\u00a0\u00bbon\u00a0\u00bb background_enable_image=\u00a0\u00bboff\u00a0\u00bb parallax=\u00a0\u00bbon\u00a0\u00bb parallax_method=\u00a0\u00bboff\u00a0\u00bb height=\u00a0\u00bb700px\u00a0\u00bb custom_margin=\u00a0\u00bb-40px|||||\u00a0\u00bb custom_padding=\u00a0\u00bb0px|||||\u00a0\u00bb top_divider_color=\u00a0\u00bbrgba(224,43,32,0.67)\u00a0\u00bb global_colors_info=\u00a0\u00bb{}\u00a0\u00bb][et_pb_row column_structure=\u00a0\u00bb1_3,1_3,1_3&Prime; use_custom_gutter=\u00a0\u00bbon\u00a0\u00bb gutter_width=\u00a0\u00bb1&Prime; make_equal=\u00a0\u00bbon\u00a0\u00bb _builder_version=\u00a0\u00bb4.20.2&Prime; _module_preset=\u00a0\u00bbdefault\u00a0\u00bb positioning=\u00a0\u00bbabsolute\u00a0\u00bb position_origin_a=\u00a0\u00bbcenter_center\u00a0\u00bb width=\u00a0\u00bb85%\u00a0\u00bb max_width=\u00a0\u00bb85%\u00a0\u00bb custom_padding=\u00a0\u00bb50px||||false|false\u00a0\u00bb global_colors_info=\u00a0\u00bb{}\u00a0\u00bb][et_pb_column type=\u00a0\u00bb1_3&Prime; _builder_version=\u00a0\u00bb4.20.2&Prime; _module_preset=\u00a0\u00bbdefault\u00a0\u00bb background_enable_color=\u00a0\u00bboff\u00a0\u00bb global_colors_info=\u00a0\u00bb{}\u00a0\u00bb][et_pb_blurb title=\u00a0\u00bbTECHNOLOGIE\u00a0\u00bb image=\u00a0\u00bbhttps:\/\/www.mesima.com\/wp-content\/uploads\/2023\/04\/Mesima-icono-CAD-CAM.png\u00a0\u00bb icon_placement=\u00a0\u00bbleft\u00a0\u00bb image_icon_width=\u00a0\u00bb48px\u00a0\u00bb content_max_width=\u00a0\u00bb100%\u00a0\u00bb _builder_version=\u00a0\u00bb4.20.2&Prime; _module_preset=\u00a0\u00bbdefault\u00a0\u00bb header_level=\u00a0\u00bbh1&Prime; header_font=\u00a0\u00bb|800|||||||\u00a0\u00bb header_text_align=\u00a0\u00bbleft\u00a0\u00bb header_text_color=\u00a0\u00bb#000000&Prime; header_font_size=\u00a0\u00bb30px\u00a0\u00bb header_letter_spacing=\u00a0\u00bb3px\u00a0\u00bb body_text_color=\u00a0\u00bb#000000&Prime; body_font_size=\u00a0\u00bb18px\u00a0\u00bb custom_margin=\u00a0\u00bb20px|20px|40px|20px|false|false\u00a0\u00bb animation=\u00a0\u00bboff\u00a0\u00bb global_colors_info=\u00a0\u00bb{}\u00a0\u00bb]Notre entreprise industrielle se caract\u00e9rise par offrir \u00e0 nos clients un service de qualit\u00e9 et d&rsquo;efficacit\u00e9 dans chacun de nos processus. Pour cela, nous avons diff\u00e9rentes applications qui nous permettent de garantir une plus grande pr\u00e9cision et rapidit\u00e9 dans nos services.<\/p>\n<p>Nous avons CRM, ERP, CAO-CAM (y compris les utilitaires d&rsquo;imbrication) et EDI.[\/et_pb_blurb][\/et_pb_column][et_pb_column type=\u00a0\u00bb1_3&Prime; _builder_version=\u00a0\u00bb4.20.2&Prime; _module_preset=\u00a0\u00bbdefault\u00a0\u00bb background_image=\u00a0\u00bbhttps:\/\/www.mesima.com\/wp-content\/uploads\/2023\/04\/Mesima-CAD-CAM.webp\u00a0\u00bb parallax=\u00a0\u00bbon\u00a0\u00bb animation_style=\u00a0\u00bbslide\u00a0\u00bb animation_direction=\u00a0\u00bbtop\u00a0\u00bb global_colors_info=\u00a0\u00bb{}\u00a0\u00bb][\/et_pb_column][et_pb_column type=\u00a0\u00bb1_3&Prime; _builder_version=\u00a0\u00bb4.20.2&Prime; _module_preset=\u00a0\u00bbdefault\u00a0\u00bb background_image=\u00a0\u00bbhttps:\/\/www.mesima.com\/wp-content\/uploads\/2023\/04\/Mesima-tecnologia-9696.jpg\u00a0\u00bb parallax=\u00a0\u00bbon\u00a0\u00bb animation_style=\u00a0\u00bbslide\u00a0\u00bb animation_direction=\u00a0\u00bbbottom\u00a0\u00bb global_colors_info=\u00a0\u00bb{}\u00a0\u00bb][\/et_pb_column][\/et_pb_row][\/et_pb_section]<\/p>\n","protected":false},"excerpt":{"rendered":"<p>Mesima Bilbao, S.A. a \u00e9t\u00e9 fond\u00e9e en 1954, et depuis elle s&rsquo;est engag\u00e9e dans la gestion totale des mat\u00e9riaux en se basant sur la qualit\u00e9 et la fiabilit\u00e9 du service.Sa croissance la place comme une entreprise tr\u00e8s bien positionn\u00e9e sur le march\u00e9 espagnol, en raison de sa capacit\u00e9 \u00e0 fournir des mati\u00e8res premi\u00e8res ou semi-finies [&hellip;]<\/p>\n","protected":false},"author":1,"featured_media":0,"parent":0,"menu_order":0,"comment_status":"closed","ping_status":"closed","template":"","meta":{"_et_pb_use_builder":"on","_et_pb_old_content":"","_et_gb_content_width":"","footnotes":""},"class_list":["post-649","page","type-page","status-publish","hentry"],"yoast_head":"<!-- This site is optimized with the Yoast SEO plugin v27.5 - https:\/\/yoast.com\/product\/yoast-seo-wordpress\/ -->\n<title>Qui sommes-nous - Mesima<\/title>\n<meta name=\"robots\" content=\"index, follow, max-snippet:-1, max-image-preview:large, max-video-preview:-1\" \/>\n<link rel=\"canonical\" href=\"https:\/\/www.mesima.com\/fr\/qui-sommes-nous\/\" \/>\n<meta property=\"og:locale\" content=\"fr_FR\" \/>\n<meta property=\"og:type\" content=\"article\" \/>\n<meta property=\"og:title\" content=\"Qui sommes-nous - Mesima\" \/>\n<meta property=\"og:description\" content=\"Mesima Bilbao, S.A. a \u00e9t\u00e9 fond\u00e9e en 1954, et depuis elle s&#039;est engag\u00e9e dans la gestion totale des mat\u00e9riaux en se basant sur la qualit\u00e9 et la fiabilit\u00e9 du service.Sa croissance la place comme une entreprise tr\u00e8s bien positionn\u00e9e sur le march\u00e9 espagnol, en raison de sa capacit\u00e9 \u00e0 fournir des mati\u00e8res premi\u00e8res ou semi-finies [&hellip;]\" \/>\n<meta property=\"og:url\" content=\"https:\/\/www.mesima.com\/fr\/qui-sommes-nous\/\" \/>\n<meta property=\"og:site_name\" content=\"Mesima\" \/>\n<meta property=\"article:modified_time\" content=\"2023-07-21T07:28:43+00:00\" \/>\n<meta name=\"twitter:card\" content=\"summary_large_image\" \/>\n<meta name=\"twitter:label1\" content=\"Dur\u00e9e de lecture estim\u00e9e\" \/>\n\t<meta name=\"twitter:data1\" content=\"7 minutes\" \/>\n<script type=\"application\/ld+json\" class=\"yoast-schema-graph\">{\"@context\":\"https:\\\/\\\/schema.org\",\"@graph\":[{\"@type\":\"WebPage\",\"@id\":\"https:\\\/\\\/www.mesima.com\\\/fr\\\/qui-sommes-nous\\\/\",\"url\":\"https:\\\/\\\/www.mesima.com\\\/fr\\\/qui-sommes-nous\\\/\",\"name\":\"Qui sommes-nous - Mesima\",\"isPartOf\":{\"@id\":\"https:\\\/\\\/www.mesima.com\\\/fr\\\/#website\"},\"datePublished\":\"2023-03-13T11:19:38+00:00\",\"dateModified\":\"2023-07-21T07:28:43+00:00\",\"breadcrumb\":{\"@id\":\"https:\\\/\\\/www.mesima.com\\\/fr\\\/qui-sommes-nous\\\/#breadcrumb\"},\"inLanguage\":\"fr-FR\",\"potentialAction\":[{\"@type\":\"ReadAction\",\"target\":[\"https:\\\/\\\/www.mesima.com\\\/fr\\\/qui-sommes-nous\\\/\"]}]},{\"@type\":\"BreadcrumbList\",\"@id\":\"https:\\\/\\\/www.mesima.com\\\/fr\\\/qui-sommes-nous\\\/#breadcrumb\",\"itemListElement\":[{\"@type\":\"ListItem\",\"position\":1,\"name\":\"Portada\",\"item\":\"https:\\\/\\\/www.mesima.com\\\/fr\\\/accueil\\\/\"},{\"@type\":\"ListItem\",\"position\":2,\"name\":\"Qui sommes-nous\"}]},{\"@type\":\"WebSite\",\"@id\":\"https:\\\/\\\/www.mesima.com\\\/fr\\\/#website\",\"url\":\"https:\\\/\\\/www.mesima.com\\\/fr\\\/\",\"name\":\"Mesima\",\"description\":\"Gesti\u00f3n total de materiales\",\"publisher\":{\"@id\":\"https:\\\/\\\/www.mesima.com\\\/fr\\\/#organization\"},\"potentialAction\":[{\"@type\":\"SearchAction\",\"target\":{\"@type\":\"EntryPoint\",\"urlTemplate\":\"https:\\\/\\\/www.mesima.com\\\/fr\\\/?s={search_term_string}\"},\"query-input\":{\"@type\":\"PropertyValueSpecification\",\"valueRequired\":true,\"valueName\":\"search_term_string\"}}],\"inLanguage\":\"fr-FR\"},{\"@type\":\"Organization\",\"@id\":\"https:\\\/\\\/www.mesima.com\\\/fr\\\/#organization\",\"name\":\"Mesima Bilbao\",\"url\":\"https:\\\/\\\/www.mesima.com\\\/fr\\\/\",\"logo\":{\"@type\":\"ImageObject\",\"inLanguage\":\"fr-FR\",\"@id\":\"https:\\\/\\\/www.mesima.com\\\/fr\\\/#\\\/schema\\\/logo\\\/image\\\/\",\"url\":\"https:\\\/\\\/www.mesima.com\\\/wp-content\\\/uploads\\\/2023\\\/02\\\/cropped-Mesima-escudo-\u00a9.png\",\"contentUrl\":\"https:\\\/\\\/www.mesima.com\\\/wp-content\\\/uploads\\\/2023\\\/02\\\/cropped-Mesima-escudo-\u00a9.png\",\"width\":512,\"height\":512,\"caption\":\"Mesima Bilbao\"},\"image\":{\"@id\":\"https:\\\/\\\/www.mesima.com\\\/fr\\\/#\\\/schema\\\/logo\\\/image\\\/\"}}]}<\/script>\n<!-- \/ Yoast SEO plugin. -->","yoast_head_json":{"title":"Qui sommes-nous - Mesima","robots":{"index":"index","follow":"follow","max-snippet":"max-snippet:-1","max-image-preview":"max-image-preview:large","max-video-preview":"max-video-preview:-1"},"canonical":"https:\/\/www.mesima.com\/fr\/qui-sommes-nous\/","og_locale":"fr_FR","og_type":"article","og_title":"Qui sommes-nous - Mesima","og_description":"Mesima Bilbao, S.A. a \u00e9t\u00e9 fond\u00e9e en 1954, et depuis elle s'est engag\u00e9e dans la gestion totale des mat\u00e9riaux en se basant sur la qualit\u00e9 et la fiabilit\u00e9 du service.Sa croissance la place comme une entreprise tr\u00e8s bien positionn\u00e9e sur le march\u00e9 espagnol, en raison de sa capacit\u00e9 \u00e0 fournir des mati\u00e8res premi\u00e8res ou semi-finies [&hellip;]","og_url":"https:\/\/www.mesima.com\/fr\/qui-sommes-nous\/","og_site_name":"Mesima","article_modified_time":"2023-07-21T07:28:43+00:00","twitter_card":"summary_large_image","twitter_misc":{"Dur\u00e9e de lecture estim\u00e9e":"7 minutes"},"schema":{"@context":"https:\/\/schema.org","@graph":[{"@type":"WebPage","@id":"https:\/\/www.mesima.com\/fr\/qui-sommes-nous\/","url":"https:\/\/www.mesima.com\/fr\/qui-sommes-nous\/","name":"Qui sommes-nous - Mesima","isPartOf":{"@id":"https:\/\/www.mesima.com\/fr\/#website"},"datePublished":"2023-03-13T11:19:38+00:00","dateModified":"2023-07-21T07:28:43+00:00","breadcrumb":{"@id":"https:\/\/www.mesima.com\/fr\/qui-sommes-nous\/#breadcrumb"},"inLanguage":"fr-FR","potentialAction":[{"@type":"ReadAction","target":["https:\/\/www.mesima.com\/fr\/qui-sommes-nous\/"]}]},{"@type":"BreadcrumbList","@id":"https:\/\/www.mesima.com\/fr\/qui-sommes-nous\/#breadcrumb","itemListElement":[{"@type":"ListItem","position":1,"name":"Portada","item":"https:\/\/www.mesima.com\/fr\/accueil\/"},{"@type":"ListItem","position":2,"name":"Qui sommes-nous"}]},{"@type":"WebSite","@id":"https:\/\/www.mesima.com\/fr\/#website","url":"https:\/\/www.mesima.com\/fr\/","name":"Mesima","description":"Gesti\u00f3n total de materiales","publisher":{"@id":"https:\/\/www.mesima.com\/fr\/#organization"},"potentialAction":[{"@type":"SearchAction","target":{"@type":"EntryPoint","urlTemplate":"https:\/\/www.mesima.com\/fr\/?s={search_term_string}"},"query-input":{"@type":"PropertyValueSpecification","valueRequired":true,"valueName":"search_term_string"}}],"inLanguage":"fr-FR"},{"@type":"Organization","@id":"https:\/\/www.mesima.com\/fr\/#organization","name":"Mesima Bilbao","url":"https:\/\/www.mesima.com\/fr\/","logo":{"@type":"ImageObject","inLanguage":"fr-FR","@id":"https:\/\/www.mesima.com\/fr\/#\/schema\/logo\/image\/","url":"https:\/\/www.mesima.com\/wp-content\/uploads\/2023\/02\/cropped-Mesima-escudo-\u00a9.png","contentUrl":"https:\/\/www.mesima.com\/wp-content\/uploads\/2023\/02\/cropped-Mesima-escudo-\u00a9.png","width":512,"height":512,"caption":"Mesima Bilbao"},"image":{"@id":"https:\/\/www.mesima.com\/fr\/#\/schema\/logo\/image\/"}}]}},"_links":{"self":[{"href":"https:\/\/www.mesima.com\/fr\/wp-json\/wp\/v2\/pages\/649","targetHints":{"allow":["GET"]}}],"collection":[{"href":"https:\/\/www.mesima.com\/fr\/wp-json\/wp\/v2\/pages"}],"about":[{"href":"https:\/\/www.mesima.com\/fr\/wp-json\/wp\/v2\/types\/page"}],"author":[{"embeddable":true,"href":"https:\/\/www.mesima.com\/fr\/wp-json\/wp\/v2\/users\/1"}],"replies":[{"embeddable":true,"href":"https:\/\/www.mesima.com\/fr\/wp-json\/wp\/v2\/comments?post=649"}],"version-history":[{"count":5,"href":"https:\/\/www.mesima.com\/fr\/wp-json\/wp\/v2\/pages\/649\/revisions"}],"predecessor-version":[{"id":871,"href":"https:\/\/www.mesima.com\/fr\/wp-json\/wp\/v2\/pages\/649\/revisions\/871"}],"wp:attachment":[{"href":"https:\/\/www.mesima.com\/fr\/wp-json\/wp\/v2\/media?parent=649"}],"curies":[{"name":"wp","href":"https:\/\/api.w.org\/{rel}","templated":true}]}}